{"id":85,"date":"2020-04-23T04:04:40","date_gmt":"2020-04-23T01:04:40","guid":{"rendered":"http:\/\/shtheme.org\/demosd\/logio\/?page_id=85"},"modified":"2021-04-08T10:00:27","modified_gmt":"2021-04-08T07:00:27","slug":"hizmetler","status":"publish","type":"page","link":"https:\/\/mansfield.com.tr\/tr\/hizmetler\/","title":{"rendered":"Hizmetler"},"content":{"rendered":"\t\t<div data-elementor-type=\"wp-post\" data-elementor-id=\"85\" class=\"elementor elementor-85\">\n\t\t\t\t\t\t<section class=\"elementor-section elementor-top-section elementor-element elementor-element-f61a535 elementor-section-full_width elementor-section-height-default elementor-section-height-default\" data-id=\"f61a535\" data-element_type=\"section\">\n\t\t\t\t\t\t<div class=\"elementor-container elementor-column-gap-default\">\n\t\t\t\t\t<div class=\"elementor-column elementor-col-100 elementor-top-column elementor-element elementor-element-2a8c6b5\" data-id=\"2a8c6b5\" data-element_type=\"column\">\n\t\t\t<div class=\"elementor-widget-wrap elementor-element-populated\">\n\t\t\t\t\t\t<div class=\"elementor-element elementor-element-8dac52a elementor-align-left elementor-widget elementor-widget-bdevs-banner\" data-id=\"8dac52a\" data-element_type=\"widget\" data-widget_type=\"bdevs-banner.default\">\n\t\t\t\t<div class=\"elementor-widget-container\">\n\t\t\t\t\t\t\t<!-- breadcrumb-area-start -->\r\n        <div class=\"breadcrumb-area pt-230 pb-240\" style=\"background-image:url(https:\/\/mansfield.com.tr\/wp-content\/uploads\/2020\/06\/bg-10.jpg)\">\r\n            <div class=\"container\">\r\n                <div class=\"row\">\r\n                    <div class=\"col-xl-12\">\r\n                        <div class=\"breadcrumb-text text-center\">\r\n                            <h1>Hizmetlerimiz<\/h1>\r\n                                                        <ul class=\"breadcrumb-menu\">\r\n                                <li><a href=\"https:\/\/mansfield.com.tr\/tr\/\">Anasayfa<\/a><\/li>\r\n                                <li><span>Lojistik Hizmetler<\/span><\/li>\r\n                            <\/ul>\r\n                                                    <\/div>\r\n                    <\/div>\r\n                <\/div>\r\n            <\/div>\r\n        <\/div>\r\n        <!-- breadcrumb-area-end -->\r\n\t\t\t\t\t<\/div>\n\t\t\t\t<\/div>\n\t\t\t\t\t<\/div>\n\t\t<\/div>\n\t\t\t\t\t<\/div>\n\t\t<\/section>\n\t\t\t\t<section class=\"elementor-section elementor-top-section elementor-element elementor-element-4b866e6 elementor-section-full_width elementor-section-height-default elementor-section-height-default\" data-id=\"4b866e6\" data-element_type=\"section\">\n\t\t\t\t\t\t<div class=\"elementor-container elementor-column-gap-default\">\n\t\t\t\t\t<div class=\"elementor-column elementor-col-100 elementor-top-column elementor-element elementor-element-0665682\" data-id=\"0665682\" data-element_type=\"column\">\n\t\t\t<div class=\"elementor-widget-wrap elementor-element-populated\">\n\t\t\t\t\t\t<div class=\"elementor-element elementor-element-34d296f elementor-align-left elementor-widget elementor-widget-bdevs-about\" data-id=\"34d296f\" data-element_type=\"widget\" data-widget_type=\"bdevs-about.default\">\n\t\t\t\t<div class=\"elementor-widget-container\">\n\t\t\t\t\t\t\t        <div class=\"skills-area pos-rel pt-130 pb-100\">\r\n            <div class=\"container\">\r\n                <div class=\"row\">\r\n                    <div class=\"col-xl-6 col-lg-6\">\r\n                        <div class=\"skills-02-wrapper mb-30\">\r\n                            <div class=\"section-title pos-rel mb-40\">\r\n                            \t                                <h1>01<\/h1>\r\n                            \t                            \t                                <span class=\"line\">Uluslararas\u0131 Lojistik<\/span>\r\n                                                                                                <h2>D\u00fcnyay\u0131 Ta\u015f\u0131yoruz<\/h2>\r\n                                                                                                <p>M\u00fc\u015fterilerimize, i\u015f ortaklar\u0131m\u0131za ve \u00e7al\u0131\u015fanlar\u0131m\u0131za de\u011fer katmak \u00f6ncelikli hedefimizdir. Mansfield\u2019\u0131n avantajl\u0131 hizmetleri hakk\u0131nda bilgi almak i\u00e7in l\u00fctfen detaylar\u0131 inceleyiniz.<\/p>                            \t                            <\/div>\r\n                                                    <\/div>\r\n                    <\/div>\r\n                    <div class=\"col-xl-6 col-lg-6\">\r\n                        <div class=\"about-img mb-30\">\r\n                            <img decoding=\"async\" src=\"https:\/\/mansfield.com.tr\/wp-content\/uploads\/2020\/06\/03-5.png\" alt=\"\">\r\n                        <\/div>\r\n                    <\/div>\r\n                <\/div>\r\n            <\/div>\r\n        <\/div>\r\n        \t\t\t\t\t<\/div>\n\t\t\t\t<\/div>\n\t\t\t\t\t<\/div>\n\t\t<\/div>\n\t\t\t\t\t<\/div>\n\t\t<\/section>\n\t\t\t\t<section class=\"elementor-section elementor-top-section elementor-element elementor-element-007e31a elementor-section-full_width elementor-section-height-default elementor-section-height-default\" data-id=\"007e31a\" data-element_type=\"section\">\n\t\t\t\t\t\t<div class=\"elementor-container elementor-column-gap-default\">\n\t\t\t\t\t<div class=\"elementor-column elementor-col-100 elementor-top-column elementor-element elementor-element-8455a69\" data-id=\"8455a69\" data-element_type=\"column\">\n\t\t\t<div class=\"elementor-widget-wrap elementor-element-populated\">\n\t\t\t\t\t\t<div class=\"elementor-element elementor-element-0d83dc9 elementor-align-left elementor-widget elementor-widget-bdevs-services\" data-id=\"0d83dc9\" data-element_type=\"widget\" data-widget_type=\"bdevs-services.default\">\n\t\t\t\t<div class=\"elementor-widget-container\">\n\t\t\t\t\t\t\t\t\t<!-- section-area-start -->\r\n        <div class=\"section-area theme-bg pt-125\">\r\n            <div class=\"container\">\r\n                <div class=\"row\">\r\n                    <div class=\"col-xl-8 col-lg-8 offset-lg-2 offset-xl-2\">\r\n                        <div class=\"section-title white-title section-2 text-center pos-rel mr-80 ml-80\">\r\n                        \t                            <h1>02<\/h1>\r\n                                                                                                                <h2>Uluslararas\u0131 Lojistik Hizmetlerimiz <\/h2>\r\n                                                    <\/div>\r\n                    <\/div>\r\n                <\/div>\r\n            <\/div>\r\n        <\/div>\r\n        <!-- section-area-end -->\r\n\r\n        <!-- services-area-start -->\r\n        <div class=\"services-area services-padding ml-160 mr-160\">\r\n            <div class=\"container-fluid\">\r\n                <div class=\"row services-active\">\r\n                \t\t\t\t\t\t\t\t\t\t\t                    <div class=\"col-xl-12\">\r\n                        <div class=\"services-wrapper text-center mb-30\">\r\n                            <div class=\"services-img pos-rel\">\r\n                                <img decoding=\"async\" src=\"https:\/\/mansfield.com.tr\/wp-content\/uploads\/2020\/06\/01-2.jpg\" alt=\"\">\r\n                                <div class=\"services-text\">\r\n                                    <h1><\/h1>\r\n                                    <h2>Denizyolu Ta\u015f\u0131mac\u0131l\u0131\u011f\u0131<\/h2>\r\n                                    <p>Deniz yolu ta\u015f\u0131mac\u0131l\u0131\u011f\u0131nda sahip oldu\u011fu geni\u015f acente ve armat\u00f6r network\u00fc sayesinde Mansfield, konteynerize ve d\u00f6kme y\u00fckleriniz i\u00e7in ekonomik, h\u0131zl\u0131, g\u00fcvenilir hizmetler sunar. Mansfield Deniz Kargo, d\u00fcnya \u00e7ap\u0131ndaki i\u015f a\u011f\u0131 sayesinde limandan limana oldu\u011fu gibi, kap\u0131dan kap\u0131ya da ak\u0131lc\u0131 lojistik \u00e7\u00f6z\u00fcmler \u00fcretmektedir.\n&nbsp;<br>\n&nbsp;<br>\n&nbsp;<\/p>\r\n                                                                    <\/div>\r\n                            <\/div>\r\n                            <div class=\"services-content\">\r\n                                <h3><a href=\"#\">Denizyolu Ta\u015f\u0131mac\u0131l\u0131\u011f\u0131<\/a><\/h3>\r\n                            <\/div>\r\n                        <\/div>\r\n                    <\/div>\r\n                    \t\t\t\t\t\t\t\t\t\t                    <div class=\"col-xl-12\">\r\n                        <div class=\"services-wrapper text-center mb-30\">\r\n                            <div class=\"services-img pos-rel\">\r\n                                <img decoding=\"async\" src=\"https:\/\/mansfield.com.tr\/wp-content\/uploads\/2020\/06\/03-1.jpg\" alt=\"\">\r\n                                <div class=\"services-text\">\r\n                                    <h1><\/h1>\r\n                                    <h2>Karayolu Ta\u015f\u0131mac\u0131l\u0131\u011f\u0131<\/h2>\r\n                                    <p>Karayolu ta\u015f\u0131mac\u0131l\u0131\u011f\u0131nda geni\u015f hizmet a\u011f\u0131, d\u00fcnya \u00e7ap\u0131nda g\u00fc\u00e7l\u00fc i\u015f ortaklar\u0131, operasyonel ve sekt\u00f6rel uzmanl\u0131\u011f\u0131, m\u00fc\u015fteri odakl\u0131 \u00e7\u00f6z\u00fcmleriyle Mansfield, otomotiv, FMCG, sa\u011fl\u0131k, perakende ve tekstil, imalat ve elektronik ba\u015fta olmak \u00fczere bir\u00e7ok farkl\u0131 sekt\u00f6re \u00f6zel \u00e7\u00f6z\u00fcmler \u00fcretmektedir\n&nbsp;<br>\n&nbsp;<br>\n\n&nbsp;<br>\n&nbsp;<\/p>\r\n                                                                    <\/div>\r\n                            <\/div>\r\n                            <div class=\"services-content\">\r\n                                <h3><a href=\"#\">Karayolu Ta\u015f\u0131mac\u0131l\u0131\u011f\u0131<\/a><\/h3>\r\n                            <\/div>\r\n                        <\/div>\r\n                    <\/div>\r\n                    \t\t\t\t\t\t\t\t\t\t                    <div class=\"col-xl-12\">\r\n                        <div class=\"services-wrapper text-center mb-30\">\r\n                            <div class=\"services-img pos-rel\">\r\n                                <img decoding=\"async\" src=\"https:\/\/mansfield.com.tr\/wp-content\/uploads\/2020\/06\/02-1.jpg\" alt=\"\">\r\n                                <div class=\"services-text\">\r\n                                    <h1><\/h1>\r\n                                    <h2>Havayolu Ta\u015f\u0131mac\u0131l\u0131\u011f\u0131<\/h2>\r\n                                    <p>Uluslararas\u0131 havalimanlar\u0131 aras\u0131nda, acenteleri ve havayolu \u015firketleri ile yapm\u0131\u015f oldu\u011fu \u00f6zel anla\u015fmalar sayesinde Mansfield, m\u00fc\u015fterilerine h\u0131zl\u0131, ekonomik ve g\u00fcvenilir hizmetler sunar. Operasyonel m\u00fckemmelli\u011fi \u00f6n planda tutan Mansfield, ihtiyaca y\u00f6nelik \u00f6zel \u00e7\u00f6z\u00fcmler ile daima i\u015f ortaklar\u0131n\u0131n yan\u0131ndad\u0131r. \n&nbsp;<br>\n&nbsp;<br>\n&nbsp;<\/p>\r\n                                                                    <\/div>\r\n                            <\/div>\r\n                            <div class=\"services-content\">\r\n                                <h3><a href=\"#\">Havayolu Ta\u015f\u0131mac\u0131l\u0131\u011f\u0131<\/a><\/h3>\r\n                            <\/div>\r\n                        <\/div>\r\n                    <\/div>\r\n                    \t\t\t\t\t\t\t\t\t\t                    <div class=\"col-xl-12\">\r\n                        <div class=\"services-wrapper text-center mb-30\">\r\n                            <div class=\"services-img pos-rel\">\r\n                                <img decoding=\"async\" src=\"https:\/\/mansfield.com.tr\/wp-content\/uploads\/2020\/10\/proje_tasimacilik_bursa.jpg\" alt=\"\">\r\n                                <div class=\"services-text\">\r\n                                    <h1><\/h1>\r\n                                    <h2>Proje Ta\u015f\u0131mac\u0131l\u0131\u011f\u0131<\/h2>\r\n                                    <p>Proje ta\u015f\u0131mac\u0131l\u0131\u011f\u0131na ili\u015fkin uluslararas\u0131 mevzuata hakim, teknolojik yenilikleri takip eden ve s\u00fcrd\u00fcr\u00fclebilir lojistik stratejileri sunan ekibimizle, yurt i\u00e7i ya da yurt d\u0131\u015f\u0131na y\u00f6nelik projeleriniz i\u00e7in deniz, hava ve karayolu servislerimizi etkili kombinasyonlarla birle\u015ftirerek proje bazl\u0131 yarat\u0131c\u0131 \u00e7\u00f6z\u00fcmler \u00fcretiyoruz. \n&nbsp;<br>\n&nbsp;<br>\n&nbsp;<br>\n&nbsp;<\/p>\r\n                                                                    <\/div>\r\n                            <\/div>\r\n                            <div class=\"services-content\">\r\n                                <h3><a href=\"#\">Proje Ta\u015f\u0131mac\u0131l\u0131\u011f\u0131<\/a><\/h3>\r\n                            <\/div>\r\n                        <\/div>\r\n                    <\/div>\r\n                                    <\/div>\r\n            <\/div>\r\n        <\/div>\r\n        <!-- services-area-end -->\r\n        \t\t\t\t\t<\/div>\n\t\t\t\t<\/div>\n\t\t\t\t\t<\/div>\n\t\t<\/div>\n\t\t\t\t\t<\/div>\n\t\t<\/section>\n\t\t\t\t<section class=\"elementor-section elementor-top-section elementor-element elementor-element-ca04274 elementor-section-full_width elementor-section-height-default elementor-section-height-default\" data-id=\"ca04274\" data-element_type=\"section\">\n\t\t\t\t\t\t<div class=\"elementor-container elementor-column-gap-default\">\n\t\t\t\t\t<div class=\"elementor-column elementor-col-100 elementor-top-column elementor-element elementor-element-b83be26\" data-id=\"b83be26\" data-element_type=\"column\">\n\t\t\t<div class=\"elementor-widget-wrap\">\n\t\t\t\t\t\t\t<\/div>\n\t\t<\/div>\n\t\t\t\t\t<\/div>\n\t\t<\/section>\n\t\t\t\t<section class=\"elementor-section elementor-top-section elementor-element elementor-element-dd46fbb elementor-section-full_width elementor-section-height-default elementor-section-height-default\" data-id=\"dd46fbb\" data-element_type=\"section\">\n\t\t\t\t\t\t<div class=\"elementor-container elementor-column-gap-default\">\n\t\t\t\t\t<div class=\"elementor-column elementor-col-100 elementor-top-column elementor-element elementor-element-49ebe98\" data-id=\"49ebe98\" data-element_type=\"column\">\n\t\t\t<div class=\"elementor-widget-wrap elementor-element-populated\">\n\t\t\t\t\t\t<div class=\"elementor-element elementor-element-b606f55 elementor-align-left elementor-widget elementor-widget-bdevs-cta\" data-id=\"b606f55\" data-element_type=\"widget\" data-widget_type=\"bdevs-cta.default\">\n\t\t\t\t<div class=\"elementor-widget-container\">\n\t\t\t\t\t\t\t\t\t<!-- cta-area-start -->\r\n        <div class=\"cta-area pt-120 pb-130\" style=\"background-image:url(https:\/\/mansfield.com.tr\/wp-content\/uploads\/2020\/06\/01-1.jpg)\">\r\n            <div class=\"container\">\r\n                <div class=\"row\">\r\n                    <div class=\"col-xl-8 col-lg-8 offset-lg-2 offset-xl-2\">\r\n                        <div class=\"cta-wrapper text-center\">\r\n                            <div class=\"cta-text\">\r\n                            \t                                <span>24\/7 Aktif Destek Ekibi<\/span>\r\n                            \t                                                                <h1>Acil Deste\u011fe veya Herhangi Bir Yard\u0131ma m\u0131 \u0130htiyac\u0131n\u0131z Var?<\/h1>\r\n                                                                                                <p><p>\u00c7\u00f6z\u00fcm odakl\u0131 m\u00fc\u015fteri hizmetlerimiz ile h\u0131zl\u0131 ve kolay \u00e7\u00f6z\u00fcmler sunmaktay\u0131z.<\/p><\/p>\r\n                                                                                                <a class=\"btn\" href=\"https:\/\/mansfield.com.tr\/tr\/iletisim\/\">Hemen Bizi Aray\u0131n <i class=\"far fa-paper-plane\"><\/i><\/a>\r\n                                                            <\/div>\r\n                        <\/div>\r\n                    <\/div>\r\n                <\/div>\r\n            <\/div>\r\n        <\/div>\r\n        <!-- cta-area-end -->\r\n        \t\t\t\t\t<\/div>\n\t\t\t\t<\/div>\n\t\t\t\t\t<\/div>\n\t\t<\/div>\n\t\t\t\t\t<\/div>\n\t\t<\/section>\n\t\t\t\t<\/div>\n\t\t","protected":false},"excerpt":{"rendered":"<p>Hizmetlerimiz Anasayfa Lojistik Hizmetler 01 Uluslararas\u0131 Lojistik D\u00fcnyay\u0131 Ta\u015f\u0131yoruz M\u00fc\u015fterilerimize, i\u015f ortaklar\u0131m\u0131za ve \u00e7al\u0131\u015fanlar\u0131m\u0131za de\u011fer katmak \u00f6ncelikli hedefimizdir. Mansfield\u2019\u0131n avantajl\u0131 hizmetleri hakk\u0131nda bilgi almak i\u00e7in l\u00fctfen detaylar\u0131 inceleyiniz. 02 Uluslararas\u0131 Lojistik Hizmetlerimiz Denizyolu Ta\u015f\u0131mac\u0131l\u0131\u011f\u0131 Deniz yolu ta\u015f\u0131mac\u0131l\u0131\u011f\u0131nda sahip oldu\u011fu geni\u015f acente ve armat\u00f6r network\u00fc sayesinde Mansfield, konteynerize ve d\u00f6kme y\u00fckleriniz i\u00e7in ekonomik, h\u0131zl\u0131, g\u00fcvenilir hizmetler [&hellip;]<\/p>\n","protected":false},"author":1,"featured_media":0,"parent":0,"menu_order":0,"comment_status":"closed","ping_status":"closed","template":"page-templates\/page-builder.php","meta":{"_joinchat":[],"footnotes":""},"class_list":["post-85","page","type-page","status-publish","hentry"],"yoast_head":"<!-- This site is optimized with the Yoast SEO plugin v25.4 - https:\/\/yoast.com\/wordpress\/plugins\/seo\/ -->\n<title>Hizmetler - Mansfield Logistics | Uluslararas\u0131 Lojistik Ta\u015f\u0131mac\u0131l\u0131k Hizmeti<\/title>\n<meta name=\"robots\" content=\"index, follow, max-snippet:-1, max-image-preview:large, max-video-preview:-1\" \/>\n<link rel=\"canonical\" href=\"https:\/\/mansfield.com.tr\/tr\/services\/\" \/>\n<meta property=\"og:locale\" content=\"tr_TR\" \/>\n<meta property=\"og:type\" content=\"article\" \/>\n<meta property=\"og:title\" content=\"Hizmetler - Mansfield Logistics | Uluslararas\u0131 Lojistik Ta\u015f\u0131mac\u0131l\u0131k Hizmeti\" \/>\n<meta property=\"og:description\" content=\"Hizmetlerimiz Anasayfa Lojistik Hizmetler 01 Uluslararas\u0131 Lojistik D\u00fcnyay\u0131 Ta\u015f\u0131yoruz M\u00fc\u015fterilerimize, i\u015f ortaklar\u0131m\u0131za ve \u00e7al\u0131\u015fanlar\u0131m\u0131za de\u011fer katmak \u00f6ncelikli hedefimizdir. Mansfield\u2019\u0131n avantajl\u0131 hizmetleri hakk\u0131nda bilgi almak i\u00e7in l\u00fctfen detaylar\u0131 inceleyiniz. 02 Uluslararas\u0131 Lojistik Hizmetlerimiz Denizyolu Ta\u015f\u0131mac\u0131l\u0131\u011f\u0131 Deniz yolu ta\u015f\u0131mac\u0131l\u0131\u011f\u0131nda sahip oldu\u011fu geni\u015f acente ve armat\u00f6r network\u00fc sayesinde Mansfield, konteynerize ve d\u00f6kme y\u00fckleriniz i\u00e7in ekonomik, h\u0131zl\u0131, g\u00fcvenilir hizmetler [&hellip;]\" \/>\n<meta property=\"og:url\" content=\"https:\/\/mansfield.com.tr\/services\/\" \/>\n<meta property=\"og:site_name\" content=\"Mansfield Logistics | Uluslararas\u0131 Lojistik Ta\u015f\u0131mac\u0131l\u0131k Hizmeti\" \/>\n<meta property=\"article:modified_time\" content=\"2021-04-08T07:00:27+00:00\" \/>\n<meta property=\"og:image\" content=\"https:\/\/mansfield.com.tr\/wp-content\/uploads\/2020\/06\/03-5.png\" \/>\n<meta name=\"twitter:card\" content=\"summary_large_image\" \/>\n<meta name=\"twitter:label1\" content=\"Tahmini okuma s\u00fcresi\" \/>\n\t<meta name=\"twitter:data1\" content=\"3 dakika\" \/>\n<script type=\"application\/ld+json\" class=\"yoast-schema-graph\">{\"@context\":\"https:\/\/schema.org\",\"@graph\":[{\"@type\":\"WebPage\",\"@id\":\"https:\/\/mansfield.com.tr\/services\/\",\"url\":\"https:\/\/mansfield.com.tr\/services\/\",\"name\":\"Hizmetler - Mansfield Logistics | Uluslararas\u0131 Lojistik Ta\u015f\u0131mac\u0131l\u0131k Hizmeti\",\"isPartOf\":{\"@id\":\"https:\/\/mansfield.com.tr\/#website\"},\"primaryImageOfPage\":{\"@id\":\"https:\/\/mansfield.com.tr\/services\/#primaryimage\"},\"image\":{\"@id\":\"https:\/\/mansfield.com.tr\/services\/#primaryimage\"},\"thumbnailUrl\":\"https:\/\/mansfield.com.tr\/wp-content\/uploads\/2020\/06\/03-5.png\",\"datePublished\":\"2020-04-23T01:04:40+00:00\",\"dateModified\":\"2021-04-08T07:00:27+00:00\",\"breadcrumb\":{\"@id\":\"https:\/\/mansfield.com.tr\/services\/#breadcrumb\"},\"inLanguage\":\"tr\",\"potentialAction\":[{\"@type\":\"ReadAction\",\"target\":[\"https:\/\/mansfield.com.tr\/services\/\"]}]},{\"@type\":\"ImageObject\",\"inLanguage\":\"tr\",\"@id\":\"https:\/\/mansfield.com.tr\/services\/#primaryimage\",\"url\":\"https:\/\/mansfield.com.tr\/wp-content\/uploads\/2020\/06\/03-5.png\",\"contentUrl\":\"https:\/\/mansfield.com.tr\/wp-content\/uploads\/2020\/06\/03-5.png\"},{\"@type\":\"BreadcrumbList\",\"@id\":\"https:\/\/mansfield.com.tr\/services\/#breadcrumb\",\"itemListElement\":[{\"@type\":\"ListItem\",\"position\":1,\"name\":\"Ana sayfa\",\"item\":\"https:\/\/mansfield.com.tr\/\"},{\"@type\":\"ListItem\",\"position\":2,\"name\":\"Hizmetler\"}]},{\"@type\":\"WebSite\",\"@id\":\"https:\/\/mansfield.com.tr\/#website\",\"url\":\"https:\/\/mansfield.com.tr\/\",\"name\":\"Mansfield Logistics | Uluslararas\u0131 Lojistik Ta\u015f\u0131mac\u0131l\u0131k Hizmeti\",\"description\":\"Mansfield Lojistik D&uuml;nyay\u0131 Ta\u015f\u0131yoruz\",\"publisher\":{\"@id\":\"https:\/\/mansfield.com.tr\/#organization\"},\"potentialAction\":[{\"@type\":\"SearchAction\",\"target\":{\"@type\":\"EntryPoint\",\"urlTemplate\":\"https:\/\/mansfield.com.tr\/?s={search_term_string}\"},\"query-input\":{\"@type\":\"PropertyValueSpecification\",\"valueRequired\":true,\"valueName\":\"search_term_string\"}}],\"inLanguage\":\"tr\"},{\"@type\":\"Organization\",\"@id\":\"https:\/\/mansfield.com.tr\/#organization\",\"name\":\"Mansfield Uluslararas\u0131 Lojistik & Ta\u015f\u0131mac\u0131l\u0131k\",\"url\":\"https:\/\/mansfield.com.tr\/\",\"logo\":{\"@type\":\"ImageObject\",\"inLanguage\":\"tr\",\"@id\":\"https:\/\/mansfield.com.tr\/#\/schema\/logo\/image\/\",\"url\":\"https:\/\/mansfield.com.tr\/wp-content\/uploads\/2020\/10\/mansfield_logo.png\",\"contentUrl\":\"https:\/\/mansfield.com.tr\/wp-content\/uploads\/2020\/10\/mansfield_logo.png\",\"width\":1000,\"height\":1000,\"caption\":\"Mansfield Uluslararas\u0131 Lojistik & Ta\u015f\u0131mac\u0131l\u0131k\"},\"image\":{\"@id\":\"https:\/\/mansfield.com.tr\/#\/schema\/logo\/image\/\"}}]}<\/script>\n<!-- \/ Yoast SEO plugin. -->","yoast_head_json":{"title":"Hizmetler - Mansfield Logistics | Uluslararas\u0131 Lojistik Ta\u015f\u0131mac\u0131l\u0131k Hizmeti","robots":{"index":"index","follow":"follow","max-snippet":"max-snippet:-1","max-image-preview":"max-image-preview:large","max-video-preview":"max-video-preview:-1"},"canonical":"https:\/\/mansfield.com.tr\/tr\/services\/","og_locale":"tr_TR","og_type":"article","og_title":"Hizmetler - Mansfield Logistics | Uluslararas\u0131 Lojistik Ta\u015f\u0131mac\u0131l\u0131k Hizmeti","og_description":"Hizmetlerimiz Anasayfa Lojistik Hizmetler 01 Uluslararas\u0131 Lojistik D\u00fcnyay\u0131 Ta\u015f\u0131yoruz M\u00fc\u015fterilerimize, i\u015f ortaklar\u0131m\u0131za ve \u00e7al\u0131\u015fanlar\u0131m\u0131za de\u011fer katmak \u00f6ncelikli hedefimizdir. Mansfield\u2019\u0131n avantajl\u0131 hizmetleri hakk\u0131nda bilgi almak i\u00e7in l\u00fctfen detaylar\u0131 inceleyiniz. 02 Uluslararas\u0131 Lojistik Hizmetlerimiz Denizyolu Ta\u015f\u0131mac\u0131l\u0131\u011f\u0131 Deniz yolu ta\u015f\u0131mac\u0131l\u0131\u011f\u0131nda sahip oldu\u011fu geni\u015f acente ve armat\u00f6r network\u00fc sayesinde Mansfield, konteynerize ve d\u00f6kme y\u00fckleriniz i\u00e7in ekonomik, h\u0131zl\u0131, g\u00fcvenilir hizmetler [&hellip;]","og_url":"https:\/\/mansfield.com.tr\/services\/","og_site_name":"Mansfield Logistics | Uluslararas\u0131 Lojistik Ta\u015f\u0131mac\u0131l\u0131k Hizmeti","article_modified_time":"2021-04-08T07:00:27+00:00","og_image":[{"url":"https:\/\/mansfield.com.tr\/wp-content\/uploads\/2020\/06\/03-5.png","type":"","width":"","height":""}],"twitter_card":"summary_large_image","twitter_misc":{"Tahmini okuma s\u00fcresi":"3 dakika"},"schema":{"@context":"https:\/\/schema.org","@graph":[{"@type":"WebPage","@id":"https:\/\/mansfield.com.tr\/services\/","url":"https:\/\/mansfield.com.tr\/services\/","name":"Hizmetler - Mansfield Logistics | Uluslararas\u0131 Lojistik Ta\u015f\u0131mac\u0131l\u0131k Hizmeti","isPartOf":{"@id":"https:\/\/mansfield.com.tr\/#website"},"primaryImageOfPage":{"@id":"https:\/\/mansfield.com.tr\/services\/#primaryimage"},"image":{"@id":"https:\/\/mansfield.com.tr\/services\/#primaryimage"},"thumbnailUrl":"https:\/\/mansfield.com.tr\/wp-content\/uploads\/2020\/06\/03-5.png","datePublished":"2020-04-23T01:04:40+00:00","dateModified":"2021-04-08T07:00:27+00:00","breadcrumb":{"@id":"https:\/\/mansfield.com.tr\/services\/#breadcrumb"},"inLanguage":"tr","potentialAction":[{"@type":"ReadAction","target":["https:\/\/mansfield.com.tr\/services\/"]}]},{"@type":"ImageObject","inLanguage":"tr","@id":"https:\/\/mansfield.com.tr\/services\/#primaryimage","url":"https:\/\/mansfield.com.tr\/wp-content\/uploads\/2020\/06\/03-5.png","contentUrl":"https:\/\/mansfield.com.tr\/wp-content\/uploads\/2020\/06\/03-5.png"},{"@type":"BreadcrumbList","@id":"https:\/\/mansfield.com.tr\/services\/#breadcrumb","itemListElement":[{"@type":"ListItem","position":1,"name":"Ana sayfa","item":"https:\/\/mansfield.com.tr\/"},{"@type":"ListItem","position":2,"name":"Hizmetler"}]},{"@type":"WebSite","@id":"https:\/\/mansfield.com.tr\/#website","url":"https:\/\/mansfield.com.tr\/","name":"Mansfield Logistics | Uluslararas\u0131 Lojistik Ta\u015f\u0131mac\u0131l\u0131k Hizmeti","description":"Mansfield Lojistik D&uuml;nyay\u0131 Ta\u015f\u0131yoruz","publisher":{"@id":"https:\/\/mansfield.com.tr\/#organization"},"potentialAction":[{"@type":"SearchAction","target":{"@type":"EntryPoint","urlTemplate":"https:\/\/mansfield.com.tr\/?s={search_term_string}"},"query-input":{"@type":"PropertyValueSpecification","valueRequired":true,"valueName":"search_term_string"}}],"inLanguage":"tr"},{"@type":"Organization","@id":"https:\/\/mansfield.com.tr\/#organization","name":"Mansfield Uluslararas\u0131 Lojistik & Ta\u015f\u0131mac\u0131l\u0131k","url":"https:\/\/mansfield.com.tr\/","logo":{"@type":"ImageObject","inLanguage":"tr","@id":"https:\/\/mansfield.com.tr\/#\/schema\/logo\/image\/","url":"https:\/\/mansfield.com.tr\/wp-content\/uploads\/2020\/10\/mansfield_logo.png","contentUrl":"https:\/\/mansfield.com.tr\/wp-content\/uploads\/2020\/10\/mansfield_logo.png","width":1000,"height":1000,"caption":"Mansfield Uluslararas\u0131 Lojistik & Ta\u015f\u0131mac\u0131l\u0131k"},"image":{"@id":"https:\/\/mansfield.com.tr\/#\/schema\/logo\/image\/"}}]}},"_links":{"self":[{"href":"https:\/\/mansfield.com.tr\/tr\/wp-json\/wp\/v2\/pages\/85","targetHints":{"allow":["GET"]}}],"collection":[{"href":"https:\/\/mansfield.com.tr\/tr\/wp-json\/wp\/v2\/pages"}],"about":[{"href":"https:\/\/mansfield.com.tr\/tr\/wp-json\/wp\/v2\/types\/page"}],"author":[{"embeddable":true,"href":"https:\/\/mansfield.com.tr\/tr\/wp-json\/wp\/v2\/users\/1"}],"replies":[{"embeddable":true,"href":"https:\/\/mansfield.com.tr\/tr\/wp-json\/wp\/v2\/comments?post=85"}],"version-history":[{"count":0,"href":"https:\/\/mansfield.com.tr\/tr\/wp-json\/wp\/v2\/pages\/85\/revisions"}],"wp:attachment":[{"href":"https:\/\/mansfield.com.tr\/tr\/wp-json\/wp\/v2\/media?parent=85"}],"curies":[{"name":"wp","href":"https:\/\/api.w.org\/{rel}","templated":true}]}}